{"id":93,"date":"2020-09-11T09:33:55","date_gmt":"2020-09-11T09:33:55","guid":{"rendered":"https:\/\/lauras-hundesalon.ch\/?page_id=93"},"modified":"2023-12-15T13:50:50","modified_gmt":"2023-12-15T13:50:50","slug":"hundesalon","status":"publish","type":"page","link":"https:\/\/lauras-hundesalon.ch\/?page_id=93","title":{"rendered":"Hundesalon"},"content":{"rendered":"<div class=\"nicepage-container\"><div class=\"\" style=\"\" >        <script>\n            (function ($) {\n                var ResponsiveCms = window.ResponsiveCms;\n                if (!ResponsiveCms) {\n                    return;\n                }\n                ResponsiveCms.contentDom = $('script:last').parent();\n                ResponsiveCms.prevMode = \"SM\";\n\n                if (typeof ResponsiveCms.recalcClasses === 'function') {\n                    ResponsiveCms.recalcClasses();\n                }\n            })(jQuery);\n        <\/script>\n        \n    \n    <section class=\"u-clearfix u-custom-color-2 u-section-2\" id=\"carousel_fd36\">\n      <div class=\"u-clearfix u-sheet u-sheet-1\">\n        <div class=\"u-clearfix u-expanded-width-xs u-layout-wrap u-layout-wrap-1\">\n          <div class=\"u-layout\">\n            <div class=\"u-layout-row\">\n              <div class=\"u-container-style u-layout-cell u-size-30 u-layout-cell-1\" data-animation-name=\"fadeIn\" data-animation-duration=\"1000\" data-animation-delay=\"0\">\n                <div class=\"u-container-layout u-valign-top u-container-layout-1\">\n                  <h1 class=\"u-align-center u-text u-text-1\" data-animation-name=\"fadeIn\" data-animation-duration=\"1000\" data-animation-delay=\"0\">Laura's Hundesalon<\/h1>\n                  <p class=\"u-align-center u-text u-text-2\" data-animation-name=\"fadeIn\" data-animation-duration=\"1000\" data-animation-delay=\"0\" data-animation-direction=\"Down\"> Mein Hundesalon\nbefindet sich in Jenins.<br>\n                    <br> Ich arbeite\nausschliesslich mit professionellen, hochwertigen Produkten, Shampoos und\nPflegemitteln. <br>\n                    <br>F\u00fcr Ihr\nLiebling nur das Beste! <br>\n                    <br>Ich habe einen\nh\u00f6henverstellbaren Tisch und Badewanne sowie modernste Scheren und Zubeh\u00f6r. <span style=\"font-style: normal;\"><\/span>\n                  <\/p>\n                <\/div>\n              <\/div>\n              <div class=\"u-align-center-sm u-align-center-xs u-container-style u-image u-layout-cell u-right-cell u-size-30 u-image-1\" data-animation-name=\"fadeIn\" data-animation-duration=\"1000\" data-animation-delay=\"0\" data-image-width=\"1440\" data-image-height=\"1080\">\n                <div class=\"u-container-layout u-container-layout-2\"><\/div>\n              <\/div>\n            <\/div>\n          <\/div>\n        <\/div>\n      <\/div>\n    <\/section>\n    <section class=\"u-align-center u-clearfix u-custom-color-4 u-valign-bottom-lg u-valign-middle-md u-valign-middle-sm u-valign-middle-xs u-section-3\" id=\"carousel_e598\">\n      <div class=\"u-clearfix u-sheet u-sheet-1\">\n        <div class=\"u-clearfix u-expanded-width u-layout-wrap u-layout-wrap-1\">\n          <div class=\"u-gutter-0 u-layout\">\n            <div class=\"u-layout-row\">\n              <div class=\"u-align-left u-container-style u-image u-layout-cell u-size-30 u-image-1\" data-image-width=\"1000\" data-image-height=\"665\">\n                <div class=\"u-container-layout u-valign-middle u-container-layout-1\"><\/div>\n              <\/div>\n              <div class=\"u-align-center u-container-style u-layout-cell u-size-30 u-layout-cell-2\">\n                <div class=\"u-container-layout u-container-layout-2\">\n                  <h1 class=\"u-text u-text-1\" data-animation-name=\"fadeIn\" data-animation-duration=\"1000\" data-animation-delay=\"0\">\n                    <font style=\"font-size: 3rem;\">Meine Grunds\u00e4tze<\/font>\n                    <br>\n                  <\/h1>\n                  <h4 class=\"u-text u-text-2\" data-animation-name=\"fadeIn\" data-animation-duration=\"1000\" data-animation-delay=\"0\">\n                    <span style=\"font-weight: 400;\">Das Wohl Ihres\nLieblings liegt mir am Herzen! Ich behandle jedes Tier so als w\u00e4re es mein\neigenes!\nMir ist es\nwichtig, dass die Hunde, welche zu mir kommen, in einer entspannten,\nstressfreien Atmosph\u00e4re gepflegt werden. Ihr Hund darf bei mir stehen, sitzen\noder liegen so wie es f\u00fcr ihn am wohlsten ist. Ich kann mich anpassen.\n&nbsp;W\u00e4hrend dieser Zeit wird ihr Liebling, egal ob\nRassehund, Mischling oder Katze artgerecht, dem Rassenstandard oder Ihren\nW\u00fcnschen entsprechend gepflegt und frisiert.\nDurch meine\nAusbildung und Erfahrung habe ich gelernt unsicheren oder \u00e4ngstlichen Hunden\nSicherheit und Geborgenheit zu geben und nerv\u00f6sen Hunden Ruhe zu vermitteln. <\/span>\n                  <\/h4>\n                <\/div>\n              <\/div>\n            <\/div>\n          <\/div>\n        <\/div>\n      <\/div>\n    <\/section>\n    <section class=\"u-clearfix u-section-4\" id=\"carousel_b4a7\">\n      <div class=\"u-clearfix u-expanded-width u-layout-wrap u-layout-wrap-1\">\n        <div class=\"u-layout\">\n          <div class=\"u-layout-row\">\n            <div class=\"u-size-30\">\n              <div class=\"u-layout-row\">\n                <div class=\"u-align-left u-container-style u-image u-layout-cell u-left-cell u-shading u-size-60 u-image-1\" data-image-width=\"665\" data-image-height=\"1000\">\n                  <div class=\"u-container-layout u-container-layout-1\"><\/div>\n                <\/div>\n              <\/div>\n            <\/div>\n            <div class=\"u-size-30\">\n              <div class=\"u-layout-col\">\n                <div class=\"u-container-style u-custom-color-2 u-layout-cell u-right-cell u-size-30 u-layout-cell-2\" data-animation-name=\"fadeIn\" data-animation-duration=\"1000\" data-animation-delay=\"0\">\n                  <div class=\"u-container-layout u-valign-bottom u-container-layout-2\">\n                    <div alt=\"\" class=\"u-image u-image-circle u-image-2\" data-image-width=\"1000\" data-image-height=\"665\"><\/div>\n                    <h4 class=\"u-align-center u-text u-text-1\">I'm Waiting For you!<\/h4>\n                  <\/div>\n                <\/div>\n                <div class=\"u-container-style u-image u-layout-cell u-right-cell u-size-30 u-image-3\" data-image-width=\"1000\" data-image-height=\"665\">\n                  <div class=\"u-container-layout u-container-layout-3\"><\/div>\n                <\/div>\n              <\/div>\n            <\/div>\n          <\/div>\n        <\/div>\n      <\/div>\n    <\/section>\n    \n    \n    \n  \n<\/div><\/div>","protected":false},"excerpt":{"rendered":"<p>Laura&#8217;s Hundesalon Mein Hundesalon befindet sich in Jenins. Ich arbeite ausschliesslich mit professionellen, hochwertigen Produkten, Shampoos und Pflegemitteln. F\u00fcr Ihr Liebling nur das Beste! Ich habe einen h\u00f6henverstellbaren Tisch und Badewanne sowie modernste Scheren und Zubeh\u00f6r. Meine Grunds\u00e4tze Das Wohl Ihres Lieblings liegt mir am Herzen! Ich behandle jedes Tier [&hellip;]<\/p>\n","protected":false},"author":1,"featured_media":0,"parent":0,"menu_order":0,"comment_status":"closed","ping_status":"closed","template":"page-templates\/template-pagebuilder-full-width.php","meta":{"footnotes":""},"class_list":["post-93","page","type-page","status-publish","hentry"],"_links":{"self":[{"href":"https:\/\/lauras-hundesalon.ch\/index.php?rest_route=\/wp\/v2\/pages\/93","targetHints":{"allow":["GET"]}}],"collection":[{"href":"https:\/\/lauras-hundesalon.ch\/index.php?rest_route=\/wp\/v2\/pages"}],"about":[{"href":"https:\/\/lauras-hundesalon.ch\/index.php?rest_route=\/wp\/v2\/types\/page"}],"author":[{"embeddable":true,"href":"https:\/\/lauras-hundesalon.ch\/index.php?rest_route=\/wp\/v2\/users\/1"}],"replies":[{"embeddable":true,"href":"https:\/\/lauras-hundesalon.ch\/index.php?rest_route=%2Fwp%2Fv2%2Fcomments&post=93"}],"version-history":[{"count":24,"href":"https:\/\/lauras-hundesalon.ch\/index.php?rest_route=\/wp\/v2\/pages\/93\/revisions"}],"predecessor-version":[{"id":554,"href":"https:\/\/lauras-hundesalon.ch\/index.php?rest_route=\/wp\/v2\/pages\/93\/revisions\/554"}],"wp:attachment":[{"href":"https:\/\/lauras-hundesalon.ch\/index.php?rest_route=%2Fwp%2Fv2%2Fmedia&parent=93"}],"curies":[{"name":"wp","href":"https:\/\/api.w.org\/{rel}","templated":true}]}}